{"id":16,"date":"2019-05-05T02:16:54","date_gmt":"2019-05-04T23:16:54","guid":{"rendered":"http:\/\/www.sukelluspalvelu.fi\/wp\/?page_id=16"},"modified":"2026-02-03T17:18:35","modified_gmt":"2026-02-03T15:18:35","slug":"kalusto","status":"publish","type":"page","link":"https:\/\/www.sukelluspalvelu.fi\/?page_id=16","title":{"rendered":"Kalusto"},"content":{"rendered":"<ul>\n<li>vedenalainen valo- ja videokuvauskalusto<\/li>\n<li>vedenalainen hitsaus- ja polttoleikkauskalusto<\/li>\n<li>vedenalainen poraus- ja r\u00e4j\u00e4ytyskalusto<\/li>\n<li>vedenalaiset STANLEY hydraulity\u00f6kalut, sek\u00e4 Atlas Copco paineilmaty\u00f6kalut<\/li>\n<li>vedenalainen hydraulisk\u00e4ytt\u00f6inen puhdistuslaitteisto<\/li>\n<li>putken tulppaus v\u00e4lineist\u00f6 ( 50-1000mm)<\/li>\n<li>putkien katkaisu- ja liitosty\u00f6kalut<\/li>\n<li>varastossa lukuisa m\u00e4\u00e4r\u00e4 vesiputkien korjauspantoja (AISI) sek\u00e4 liittimi\u00e4 ( 40-90mm)<\/li>\n<\/ul>\n<hr \/>\n<p><a href=\"https:\/\/www.sukelluspalvelu.fi\/wp-content\/uploads\/2019\/09\/obelix-1.jpg\"><img loading=\"lazy\" decoding=\"async\" class=\"alignright size-medium wp-image-69 varjo\" src=\"https:\/\/www.sukelluspalvelu.fi\/wp-content\/uploads\/2019\/09\/obelix-1b.jpg\" alt=\"\" width=\"450\" height=\"338\" \/><\/a><\/p>\n<h3>Ty\u00f6vene: &#8221;Obelix&#8221;<\/h3>\n<p>&nbsp;<\/p>\n<ul>\n<li>pituus: 11 m<\/li>\n<li>leveys: 3,8 m<\/li>\n<li>syv\u00e4ys: 1,2 m<\/li>\n<li>kantavuus: 3000 kg<\/li>\n<li>Paino 7500 kg<\/li>\n<li>Runkomateriaali alumiini<\/li>\n<li>Nosturi 1200 kg \/ vaijerivinssi 30m<\/li>\n<li>Hydraulinen keularamppi (leveys 1,8m)<\/li>\n<li>Keulapotkuri<\/li>\n<li>Makuupaikat 2<\/li>\n<li>Max henkil\u00f6m\u00e4\u00e4r\u00e4 8<\/li>\n<li>Liikennealue 3<\/li>\n<li>Kiinte\u00e4 viistokaiku<\/li>\n<li>Integroitu sukellusj\u00e4rjestelm\u00e4<\/li>\n<\/ul>\n<p>&nbsp;<\/p>\n<p>&nbsp;<\/p>\n<hr \/>\n<p><a href=\"https:\/\/www.sukelluspalvelu.fi\/wp-content\/uploads\/2019\/05\/asterix.jpg\"><img loading=\"lazy\" decoding=\"async\" class=\"alignright size-full wp-image-18 varjo\" src=\"https:\/\/www.sukelluspalvelu.fi\/wp-content\/uploads\/2019\/05\/asterix.jpg\" alt=\"\" width=\"450\" height=\"338\" srcset=\"https:\/\/www.sukelluspalvelu.fi\/wp-content\/uploads\/2019\/05\/asterix.jpg 450w, https:\/\/www.sukelluspalvelu.fi\/wp-content\/uploads\/2019\/05\/asterix-300x225.jpg 300w\" sizes=\"auto, (max-width: 450px) 100vw, 450px\" \/><\/a><\/p>\n<h3>Ty\u00f6vene: &#8221;Asterix&#8221;<\/h3>\n<p>&nbsp;<\/p>\n<ul>\n<li>pituus: 5,7 m<\/li>\n<li>kantavuus: 500 kg<\/li>\n<li>koneteho: 115 hp<\/li>\n<li>nopeus: 35 kn<\/li>\n<li>navigointi: plotteri, kaiku, k\u00e4si-VHF<\/li>\n<li>Katsastus: katsastettu ammattiliikenteeseen<\/li>\n<li>muut: sukeltajan tikkaat,ty\u00f6valot<\/li>\n<\/ul>\n<p>&nbsp;<\/p>\n<p>&nbsp;<\/p>\n<hr \/>\n<p><a href=\"https:\/\/www.sukelluspalvelu.fi\/wp-content\/uploads\/2019\/05\/rov.jpg\"><img loading=\"lazy\" decoding=\"async\" class=\"alignright size-full wp-image-19 varjo\" src=\"https:\/\/www.sukelluspalvelu.fi\/wp-content\/uploads\/2019\/05\/rov.jpg\" alt=\"\" width=\"450\" height=\"338\" srcset=\"https:\/\/www.sukelluspalvelu.fi\/wp-content\/uploads\/2019\/05\/rov.jpg 450w, https:\/\/www.sukelluspalvelu.fi\/wp-content\/uploads\/2019\/05\/rov-300x225.jpg 300w\" sizes=\"auto, (max-width: 450px) 100vw, 450px\" \/><\/a><\/p>\n<h3>Seabotix MiniROV LBV150-4 &#8221;Idefix&#8221;<\/h3>\n<p>&nbsp;<\/p>\n<ul>\n<li>vedenalaisiin tarkastuksiin<\/li>\n<li>sukeltajan ty\u00f6turvallisuuden varmistamiseen<\/li>\n<li>vesitankkien tarkastuksiin<\/li>\n<li>150 m kaapeli<\/li>\n<li>v\u00e4ri \/ mustavalkokamera<\/li>\n<li>lis\u00e4valaistus, s\u00e4\u00e4dett\u00e4v\u00e4 (LED,1080 Lumen)<\/li>\n<li>scanning sonar (Tritech Micron, 360\u00b0 \/ range 75m)<\/li>\n<li>syvyys, suunta ja veden l\u00e4mp\u00f6tila n\u00e4yt\u00f6t<\/li>\n<li>automaattinen syvyyden ja suunnan pito<\/li>\n<li>digitaalinen tallennusj\u00e4rjestelm\u00e4<\/li>\n<li>merkkausty\u00f6kalu (esim. naru+poiju)<\/li>\n<li>koukun kiinnitysty\u00f6kalu kohteen nostoa varten<\/li>\n<\/ul>\n<hr \/>\n<p><a href=\"https:\/\/www.sukelluspalvelu.fi\/wp-content\/uploads\/2019\/05\/viistokailku2.jpg\"><img loading=\"lazy\" decoding=\"async\" class=\"alignright size-full wp-image-20 varjo\" src=\"https:\/\/www.sukelluspalvelu.fi\/wp-content\/uploads\/2019\/05\/viistokailku2.jpg\" alt=\"\" width=\"450\" height=\"211\" srcset=\"https:\/\/www.sukelluspalvelu.fi\/wp-content\/uploads\/2019\/05\/viistokailku2.jpg 450w, https:\/\/www.sukelluspalvelu.fi\/wp-content\/uploads\/2019\/05\/viistokailku2-300x141.jpg 300w\" sizes=\"auto, (max-width: 450px) 100vw, 450px\" \/><\/a><\/p>\n<h3>Viistokaikuluotain<\/h3>\n<p>&nbsp;<\/p>\n<ul>\n<li>vedenalaiseen etsint\u00e4\u00e4n<\/li>\n<li>merenpohjan kartoituksiin<\/li>\n<li>kiinte\u00e4 sek\u00e4 per\u00e4ss\u00e4 vedett\u00e4v\u00e4 anturi<\/li>\n<li>range max 90m \/ sivu<\/li>\n<li>max syvyys 50 m<\/li>\n<li>my\u00f6s vuokrausk\u00e4ytt\u00f6\u00f6n<\/li>\n<\/ul>\n<hr \/>\n<p><a href=\"https:\/\/www.sukelluspalvelu.fi\/wp-content\/uploads\/2019\/05\/JWautomarine_nostosakki.jpg\"><img loading=\"lazy\" decoding=\"async\" class=\"alignright size-full wp-image-21 varjo\" src=\"https:\/\/www.sukelluspalvelu.fi\/wp-content\/uploads\/2019\/05\/JWautomarine_nostosakki.jpg\" alt=\"\" width=\"450\" height=\"265\" srcset=\"https:\/\/www.sukelluspalvelu.fi\/wp-content\/uploads\/2019\/05\/JWautomarine_nostosakki.jpg 450w, https:\/\/www.sukelluspalvelu.fi\/wp-content\/uploads\/2019\/05\/JWautomarine_nostosakki-300x177.jpg 300w\" sizes=\"auto, (max-width: 450px) 100vw, 450px\" \/><\/a><\/p>\n<h3>Nostos\u00e4kit 6,5 tn asti<\/h3>\n","protected":false},"excerpt":{"rendered":"<p>vedenalainen valo- ja videokuvauskalusto vedenalainen hitsaus- ja polttoleikkauskalusto vedenalainen poraus- ja r\u00e4j\u00e4ytyskalusto vedenalaiset STANLEY hydraulity\u00f6kalut, sek\u00e4 Atlas Copco paineilmaty\u00f6kalut vedenalainen hydraulisk\u00e4ytt\u00f6inen puhdistuslaitteisto putken tulppaus v\u00e4lineist\u00f6 ( 50-1000mm) putkien katkaisu- ja liitosty\u00f6kalut varastossa lukuisa m\u00e4\u00e4r\u00e4 vesiputkien korjauspantoja (AISI) sek\u00e4 liittimi\u00e4 ( 40-90mm) Ty\u00f6vene: &#8221;Obelix&#8221; &nbsp; pituus: 11 m leveys: 3,8 m syv\u00e4ys: 1,2 m kantavuus: 3000 [&hellip;]<\/p>\n","protected":false},"author":1,"featured_media":0,"parent":0,"menu_order":3,"comment_status":"closed","ping_status":"closed","template":"","meta":{"footnotes":""},"class_list":["post-16","page","type-page","status-publish","hentry"],"_links":{"self":[{"href":"https:\/\/www.sukelluspalvelu.fi\/index.php?rest_route=\/wp\/v2\/pages\/16","targetHints":{"allow":["GET"]}}],"collection":[{"href":"https:\/\/www.sukelluspalvelu.fi\/index.php?rest_route=\/wp\/v2\/pages"}],"about":[{"href":"https:\/\/www.sukelluspalvelu.fi\/index.php?rest_route=\/wp\/v2\/types\/page"}],"author":[{"embeddable":true,"href":"https:\/\/www.sukelluspalvelu.fi\/index.php?rest_route=\/wp\/v2\/users\/1"}],"replies":[{"embeddable":true,"href":"https:\/\/www.sukelluspalvelu.fi\/index.php?rest_route=%2Fwp%2Fv2%2Fcomments&post=16"}],"version-history":[{"count":6,"href":"https:\/\/www.sukelluspalvelu.fi\/index.php?rest_route=\/wp\/v2\/pages\/16\/revisions"}],"predecessor-version":[{"id":73,"href":"https:\/\/www.sukelluspalvelu.fi\/index.php?rest_route=\/wp\/v2\/pages\/16\/revisions\/73"}],"wp:attachment":[{"href":"https:\/\/www.sukelluspalvelu.fi\/index.php?rest_route=%2Fwp%2Fv2%2Fmedia&parent=16"}],"curies":[{"name":"wp","href":"https:\/\/api.w.org\/{rel}","templated":true}]}}