{"id":13,"date":"2019-05-05T02:09:56","date_gmt":"2019-05-04T23:09:56","guid":{"rendered":"http:\/\/www.sukelluspalvelu.fi\/wp\/?page_id=13"},"modified":"2026-02-05T13:44:50","modified_gmt":"2026-02-05T11:44:50","slug":"patevyydet","status":"publish","type":"page","link":"https:\/\/www.sukelluspalvelu.fi\/?page_id=13","title":{"rendered":"P\u00e4tevyydet"},"content":{"rendered":"<p><a href=\"https:\/\/www.sukelluspalvelu.fi\/wp-content\/uploads\/2019\/05\/sertifikaatit.jpg\"><img loading=\"lazy\" decoding=\"async\" class=\"alignright size-full wp-image-14 varjo\" src=\"https:\/\/www.sukelluspalvelu.fi\/wp-content\/uploads\/2019\/05\/sertifikaatit.jpg\" alt=\"\" width=\"372\" height=\"210\" srcset=\"https:\/\/www.sukelluspalvelu.fi\/wp-content\/uploads\/2019\/05\/sertifikaatit.jpg 372w, https:\/\/www.sukelluspalvelu.fi\/wp-content\/uploads\/2019\/05\/sertifikaatit-300x169.jpg 300w\" sizes=\"auto, (max-width: 372px) 100vw, 372px\" \/><\/a><\/p>\n<p>Kaikilla sukeltajillamme on EDTC:n m\u00e4\u00e4r\u00e4\u00e4m\u00e4t ammattisukeltajan p\u00e4tevyyskirjat, sek\u00e4 merenkulun kansi- ja konep\u00e4\u00e4llyst\u00f6n p\u00e4tevyyskirjoja. Lis\u00e4ksi sukeltajillamme on my\u00f6s panostajan p\u00e4tevyyskirjat.<\/p>\n<p>Yrityksell\u00e4mme on ollut vuodesta 1997 seuraavien merenkulun luokituslaitoksien hyv\u00e4ksynt\u00e4 suorittaa laivoihin kohdistuvia sukellust\u00f6it\u00e4:<\/p>\n<ul>\n<li>DNV-GL<\/li>\n<li>Lloyd\u00b4s Register<\/li>\n<li>Bureau Veritas<\/li>\n<li>Trafi<\/li>\n<\/ul>\n","protected":false},"excerpt":{"rendered":"<p>Kaikilla sukeltajillamme on EDTC:n m\u00e4\u00e4r\u00e4\u00e4m\u00e4t ammattisukeltajan p\u00e4tevyyskirjat, sek\u00e4 merenkulun kansi- ja konep\u00e4\u00e4llyst\u00f6n p\u00e4tevyyskirjoja. Lis\u00e4ksi sukeltajillamme on my\u00f6s panostajan p\u00e4tevyyskirjat. Yrityksell\u00e4mme on ollut vuodesta 1997 seuraavien merenkulun luokituslaitoksien hyv\u00e4ksynt\u00e4 suorittaa laivoihin kohdistuvia sukellust\u00f6it\u00e4: DNV-GL Lloyd\u00b4s Register Bureau Veritas Trafi<\/p>\n","protected":false},"author":1,"featured_media":0,"parent":0,"menu_order":2,"comment_status":"closed","ping_status":"closed","template":"","meta":{"footnotes":""},"class_list":["post-13","page","type-page","status-publish","hentry"],"_links":{"self":[{"href":"https:\/\/www.sukelluspalvelu.fi\/index.php?rest_route=\/wp\/v2\/pages\/13","targetHints":{"allow":["GET"]}}],"collection":[{"href":"https:\/\/www.sukelluspalvelu.fi\/index.php?rest_route=\/wp\/v2\/pages"}],"about":[{"href":"https:\/\/www.sukelluspalvelu.fi\/index.php?rest_route=\/wp\/v2\/types\/page"}],"author":[{"embeddable":true,"href":"https:\/\/www.sukelluspalvelu.fi\/index.php?rest_route=\/wp\/v2\/users\/1"}],"replies":[{"embeddable":true,"href":"https:\/\/www.sukelluspalvelu.fi\/index.php?rest_route=%2Fwp%2Fv2%2Fcomments&post=13"}],"version-history":[{"count":3,"href":"https:\/\/www.sukelluspalvelu.fi\/index.php?rest_route=\/wp\/v2\/pages\/13\/revisions"}],"predecessor-version":[{"id":67,"href":"https:\/\/www.sukelluspalvelu.fi\/index.php?rest_route=\/wp\/v2\/pages\/13\/revisions\/67"}],"wp:attachment":[{"href":"https:\/\/www.sukelluspalvelu.fi\/index.php?rest_route=%2Fwp%2Fv2%2Fmedia&parent=13"}],"curies":[{"name":"wp","href":"https:\/\/api.w.org\/{rel}","templated":true}]}}